{"id":7902,"date":"2024-07-15T13:36:46","date_gmt":"2024-07-15T11:36:46","guid":{"rendered":"https:\/\/armonea.be\/lieux\/ittre\/"},"modified":"2024-07-15T13:36:47","modified_gmt":"2024-07-15T11:36:47","slug":"ittre","status":"publish","type":"page","link":"https:\/\/armonea.be\/fr\/lieux\/ittre\/","title":{"rendered":"Ittre"},"content":{"rendered":"<div class=\"wpb-content-wrapper\"><p>[vc_row css_animation=\u00a0\u00bb\u00a0\u00bb row_type=\u00a0\u00bbrow\u00a0\u00bb use_row_as_full_screen_section=\u00a0\u00bbno\u00a0\u00bb type=\u00a0\u00bbgrid\u00a0\u00bb angled_section=\u00a0\u00bbno\u00a0\u00bb text_align=\u00a0\u00bbleft\u00a0\u00bb background_image_as_pattern=\u00a0\u00bbwithout_pattern\u00a0\u00bb el_class=\u00a0\u00bblocal-seo-page\u00a0\u00bb z_index=\u00a0\u00bb\u00a0\u00bb][vc_column][vc_empty_space][\/vc_column][\/vc_row][vc_row css_animation=\u00a0\u00bb\u00a0\u00bb row_type=\u00a0\u00bbrow\u00a0\u00bb use_row_as_full_screen_section=\u00a0\u00bbno\u00a0\u00bb type=\u00a0\u00bbgrid\u00a0\u00bb angled_section=\u00a0\u00bbno\u00a0\u00bb text_align=\u00a0\u00bbcenter\u00a0\u00bb background_image_as_pattern=\u00a0\u00bbwithout_pattern\u00a0\u00bb z_index=\u00a0\u00bb\u00a0\u00bb][vc_column css=\u00a0\u00bb.vc_custom_1720097713142{padding-top: 0px !important;background-color: #383c72 !important;}\u00a0\u00bb][vc_empty_space height=\u00a0\u00bb100px\u00a0\u00bb][vc_row_inner row_type=\u00a0\u00bbrow\u00a0\u00bb type=\u00a0\u00bbfull_width\u00a0\u00bb text_align=\u00a0\u00bbleft\u00a0\u00bb css_animation=\u00a0\u00bb\u00a0\u00bb][vc_column_inner offset=\u00a0\u00bbvc_hidden-sm vc_hidden-xs\u00a0\u00bb][vc_column_text el_class=\u00a0\u00bbf-size-kl tekst-wit\u00a0\u00bb css=\u00a0\u00bb.vc_custom_1720101379367{padding-top: 2rem !important;padding-right: 2rem !important;padding-bottom: 2rem !important;padding-left: 2rem !important;}\u00a0\u00bb]<\/p>\n<h1 style=\"text-align: center;\">Maisons de repos, r\u00e9sidences-services et service flats \u00e0 <span class=\"gemeente\">&#8211;<\/span><\/h1>\n<p>[\/vc_column_text][\/vc_column_inner][\/vc_row_inner][vc_row_inner row_type=\u00a0\u00bbrow\u00a0\u00bb type=\u00a0\u00bbfull_width\u00a0\u00bb text_align=\u00a0\u00bbleft\u00a0\u00bb css_animation=\u00a0\u00bb\u00a0\u00bb][vc_column_inner offset=\u00a0\u00bbvc_hidden-lg vc_hidden-md\u00a0\u00bb][vc_column_text el_class=\u00a0\u00bbf-size-kl tekst-wit\u00a0\u00bb css=\u00a0\u00bb.vc_custom_1720102120001{padding-top: 2rem !important;padding-right: 2rem !important;padding-bottom: 2rem !important;padding-left: 2rem !important;}\u00a0\u00bb]<\/p>\n<h1 style=\"text-align: center;\">Maisons de repos, r\u00e9sidences-services et service flats \u00e0 <span class=\"gemeente\">&#8211;<\/span><\/h1>\n<p>[\/vc_column_text][\/vc_column_inner][\/vc_row_inner][vc_empty_space][vc_row_inner row_type=\u00a0\u00bbrow\u00a0\u00bb type=\u00a0\u00bbfull_width\u00a0\u00bb text_align=\u00a0\u00bbleft\u00a0\u00bb css_animation=\u00a0\u00bb\u00a0\u00bb][vc_column_inner width=\u00a0\u00bb1\/12&Prime;][\/vc_column_inner][vc_column_inner width=\u00a0\u00bb10\/12&Prime;][vc_column_text el_class=\u00a0\u00bbtekst-wit\u00a0\u00bb][\/vc_column_text][\/vc_column_inner][vc_column_inner width=\u00a0\u00bb1\/12&Prime;][\/vc_column_inner][\/vc_row_inner][vc_empty_space height=\u00a0\u00bb50px\u00a0\u00bb][\/vc_column][\/vc_row][vc_row css_animation=\u00a0\u00bb\u00a0\u00bb row_type=\u00a0\u00bbrow\u00a0\u00bb use_row_as_full_screen_section=\u00a0\u00bbno\u00a0\u00bb type=\u00a0\u00bbfull_width\u00a0\u00bb angled_section=\u00a0\u00bbno\u00a0\u00bb text_align=\u00a0\u00bbleft\u00a0\u00bb background_image_as_pattern=\u00a0\u00bbwithout_pattern\u00a0\u00bb][vc_column][vc_empty_space][\/vc_column][\/vc_row][vc_row css_animation=\u00a0\u00bb\u00a0\u00bb row_type=\u00a0\u00bbrow\u00a0\u00bb use_row_as_full_screen_section=\u00a0\u00bbno\u00a0\u00bb type=\u00a0\u00bbgrid\u00a0\u00bb angled_section=\u00a0\u00bbno\u00a0\u00bb text_align=\u00a0\u00bbleft\u00a0\u00bb background_image_as_pattern=\u00a0\u00bbwithout_pattern\u00a0\u00bb z_index=\u00a0\u00bb\u00a0\u00bb][vc_column][vc_column_text]<\/p>\n<h2>D\u00e9couvrez nos maisons \u00e0 <span class=\"gemeente\">&#8211;<\/span><\/h2>\n<p>[\/vc_column_text][\/vc_column][\/vc_row][vc_row css_animation=\u00a0\u00bb\u00a0\u00bb row_type=\u00a0\u00bbrow\u00a0\u00bb use_row_as_full_screen_section=\u00a0\u00bbno\u00a0\u00bb type=\u00a0\u00bbgrid\u00a0\u00bb angled_section=\u00a0\u00bbno\u00a0\u00bb text_align=\u00a0\u00bbleft\u00a0\u00bb background_image_as_pattern=\u00a0\u00bbwithout_pattern\u00a0\u00bb z_index=\u00a0\u00bb\u00a0\u00bb][vc_column width=\u00a0\u00bb1\/3&Prime;][vc_column_text el_class=\u00a0\u00bbtekst-blauw\u00a0\u00bb]<\/p>\n<ul>\n<li>\n<h3><a href=\"https:\/\/armonea.be\/fr\/maisons\/lorchidee\/\">L&rsquo;Orchid\u00e9e<\/a><\/h3>\n<\/li>\n<\/ul>\n<p>[\/vc_column_text][\/vc_column][vc_column width=\u00a0\u00bb1\/3&Prime;][\/vc_column][vc_column width=\u00a0\u00bb1\/3&Prime;][\/vc_column][\/vc_row][vc_row css_animation=\u00a0\u00bb\u00a0\u00bb row_type=\u00a0\u00bbrow\u00a0\u00bb use_row_as_full_screen_section=\u00a0\u00bbno\u00a0\u00bb type=\u00a0\u00bbfull_width\u00a0\u00bb angled_section=\u00a0\u00bbno\u00a0\u00bb text_align=\u00a0\u00bbleft\u00a0\u00bb background_image_as_pattern=\u00a0\u00bbwithout_pattern\u00a0\u00bb][vc_column][vc_empty_space height=\u00a0\u00bb150px\u00a0\u00bb][\/vc_column][\/vc_row][vc_row css_animation=\u00a0\u00bb\u00a0\u00bb row_type=\u00a0\u00bbrow\u00a0\u00bb use_row_as_full_screen_section=\u00a0\u00bbno\u00a0\u00bb type=\u00a0\u00bbgrid\u00a0\u00bb angled_section=\u00a0\u00bbno\u00a0\u00bb text_align=\u00a0\u00bbleft\u00a0\u00bb background_image_as_pattern=\u00a0\u00bbwithout_pattern\u00a0\u00bb z_index=\u00a0\u00bb\u00a0\u00bb][vc_column width=\u00a0\u00bb7\/12&Prime;][vc_column_text]<\/p>\n<h3 class=\"tekst-blauw\">Maisons de repos<\/h3>\n<p><strong>Maisons de repos : Soins personnalis\u00e9s dans un environnement s\u00e9curis\u00e9<\/strong><\/p>\n<p>Les maisons de repos offrent un environnement de vie s\u00fbr et confortable pour les personnes \u00e2g\u00e9es qui ont besoin de soins et de soutien quotidiens. Nos maisons de repos sont con\u00e7ues pour cr\u00e9er une atmosph\u00e8re familiale avec des soins professionnels personnalis\u00e9s. Chaque r\u00e9sident re\u00e7oit une attention personnelle de notre \u00e9quipe de soins qualifi\u00e9e, disponible 24 heures sur 24 et 7 jours sur 7. Nos installations comprennent des chambres modernes, des activit\u00e9s r\u00e9cr\u00e9atives et un soutien m\u00e9dical. Choisissez une maison de repos o\u00f9 votre bien-\u00eatre est notre priorit\u00e9.<\/p>\n<ul>\n<li><strong>Maisons de repos \u00e0 <span class=\"gemeente\">&#8211;<\/span> <\/strong><\/li>\n<li><strong>Soins professionnels dans nos maisons de repos \u00e0 <span class=\"gemeente\">&#8211;<\/span><\/strong><\/li>\n<li><strong>Maisons de repos s\u00fbres et confortables \u00e0\u00a0<span class=\"gemeente\">&#8211;<\/span><\/strong><\/li>\n<\/ul>\n<p>[\/vc_column_text][\/vc_column][vc_column width=\u00a0\u00bb1\/12&Prime;][\/vc_column][vc_column width=\u00a0\u00bb4\/12&Prime;][vc_single_image image=\u00a0\u00bb1575&Prime; img_size=\u00a0\u00bbfull\u00a0\u00bb qode_css_animation=\u00a0\u00bb\u00a0\u00bb][\/vc_column][\/vc_row][vc_row css_animation=\u00a0\u00bb\u00a0\u00bb row_type=\u00a0\u00bbrow\u00a0\u00bb use_row_as_full_screen_section=\u00a0\u00bbno\u00a0\u00bb type=\u00a0\u00bbfull_width\u00a0\u00bb angled_section=\u00a0\u00bbno\u00a0\u00bb text_align=\u00a0\u00bbleft\u00a0\u00bb background_image_as_pattern=\u00a0\u00bbwithout_pattern\u00a0\u00bb][vc_column][vc_empty_space][\/vc_column][\/vc_row][vc_row css_animation=\u00a0\u00bb\u00a0\u00bb row_type=\u00a0\u00bbrow\u00a0\u00bb use_row_as_full_screen_section=\u00a0\u00bbno\u00a0\u00bb type=\u00a0\u00bbgrid\u00a0\u00bb angled_section=\u00a0\u00bbno\u00a0\u00bb text_align=\u00a0\u00bbleft\u00a0\u00bb background_image_as_pattern=\u00a0\u00bbwithout_pattern\u00a0\u00bb z_index=\u00a0\u00bb\u00a0\u00bb][vc_column width=\u00a0\u00bb4\/12&Prime; offset=\u00a0\u00bbvc_hidden-sm vc_hidden-xs\u00a0\u00bb][vc_single_image image=\u00a0\u00bb76&Prime; img_size=\u00a0\u00bbfull\u00a0\u00bb qode_css_animation=\u00a0\u00bb\u00a0\u00bb][\/vc_column][vc_column width=\u00a0\u00bb1\/12&Prime;][\/vc_column][vc_column width=\u00a0\u00bb7\/12&Prime;][vc_column_text]<\/p>\n<h3 class=\"tekst-blauw\">Serviceflats<\/h3>\n<p><strong>Serviceflats : Vivre confortablement avec des services suppl\u00e9mentaires<\/strong><\/p>\n<p>Les serviceflats sont sp\u00e9cialement con\u00e7us pour offrir aux seniors un environnement de vie confortable et sans souci. Nos serviceflats combinent les avantages de la vie autonome avec des services suppl\u00e9mentaires tels que le m\u00e9nage, les repas et les soins m\u00e9dicaux. Chaque flat est am\u00e9nag\u00e9 de mani\u00e8re moderne et \u00e9quip\u00e9 de tout le confort n\u00e9cessaire. De plus, nous organisons diverses activit\u00e9s sociales et r\u00e9cr\u00e9atives pour favoriser un mode de vie actif. Choisissez une serviceflat et profitez d&rsquo;une vie sans souci avec tout le soutien dont vous avez besoin.<\/p>\n<ul>\n<li><strong>Serviceflats \u00e0 <span class=\"gemeente\">&#8211;<\/span><\/strong><\/li>\n<li><strong>Serviceflats modernes avec des services \u00e9tendus \u00e0 <span class=\"gemeente\">&#8211;<\/span><\/strong><\/li>\n<li><strong>Logement senior sans souci dans nos serviceflats \u00e0 <span class=\"gemeente\">&#8211;<\/span><\/strong><\/li>\n<\/ul>\n<p>[\/vc_column_text][\/vc_column][\/vc_row][vc_row css_animation=\u00a0\u00bb\u00a0\u00bb row_type=\u00a0\u00bbrow\u00a0\u00bb use_row_as_full_screen_section=\u00a0\u00bbno\u00a0\u00bb type=\u00a0\u00bbfull_width\u00a0\u00bb angled_section=\u00a0\u00bbno\u00a0\u00bb text_align=\u00a0\u00bbleft\u00a0\u00bb background_image_as_pattern=\u00a0\u00bbwithout_pattern\u00a0\u00bb][vc_column][vc_empty_space][\/vc_column][\/vc_row][vc_row css_animation=\u00a0\u00bb\u00a0\u00bb row_type=\u00a0\u00bbrow\u00a0\u00bb use_row_as_full_screen_section=\u00a0\u00bbno\u00a0\u00bb type=\u00a0\u00bbgrid\u00a0\u00bb angled_section=\u00a0\u00bbno\u00a0\u00bb text_align=\u00a0\u00bbleft\u00a0\u00bb background_image_as_pattern=\u00a0\u00bbwithout_pattern\u00a0\u00bb z_index=\u00a0\u00bb\u00a0\u00bb][vc_column width=\u00a0\u00bb7\/12&Prime;][vc_column_text]<\/p>\n<h3 class=\"tekst-blauw\">R\u00e9sidences-services<\/h3>\n<p><strong>R\u00e9sidences-services : Vivre de mani\u00e8re autonome avec un soutien \u00e0 port\u00e9e de main<\/strong><\/p>\n<p>Les r\u00e9sidences-services offrent une solution de logement id\u00e9ale pour les seniors qui souhaitent vivre de mani\u00e8re autonome tout en ayant besoin de soutien. Nos r\u00e9sidences-services sont enti\u00e8rement \u00e9quip\u00e9es de installations modernes et sont situ\u00e9es dans des environnements s\u00e9curis\u00e9s. Les r\u00e9sidents b\u00e9n\u00e9ficient de leur intimit\u00e9 dans leur propre logement, tout en ayant acc\u00e8s \u00e0 divers services tels que l&rsquo;aide m\u00e9nag\u00e8re, les soins m\u00e9dicaux et les activit\u00e9s sociales. D\u00e9couvrez les avantages de vivre dans une r\u00e9sidence-service o\u00f9 l&rsquo;autonomie et le confort sont prioritaires.<\/p>\n<ul>\n<li><strong>R\u00e9sidences-services \u00e0 <span class=\"gemeente\">&#8211;<\/span><\/strong><\/li>\n<li><strong>Vivre de mani\u00e8re autonome avec soutien dans nos r\u00e9sidences-services \u00e0 <span class=\"gemeente\">&#8211;<\/span><\/strong><\/li>\n<li><strong>R\u00e9sidences-services confortables \u00e0 <span class=\"gemeente\">&#8211;<\/span><\/strong><\/li>\n<\/ul>\n<p>[\/vc_column_text][\/vc_column][vc_column width=\u00a0\u00bb1\/12&Prime;][\/vc_column][vc_column width=\u00a0\u00bb4\/12&Prime;][vc_single_image image=\u00a0\u00bb66&Prime; img_size=\u00a0\u00bbfull\u00a0\u00bb qode_css_animation=\u00a0\u00bb\u00a0\u00bb][\/vc_column][\/vc_row][vc_row css_animation=\u00a0\u00bb\u00a0\u00bb row_type=\u00a0\u00bbrow\u00a0\u00bb use_row_as_full_screen_section=\u00a0\u00bbno\u00a0\u00bb type=\u00a0\u00bbfull_width\u00a0\u00bb angled_section=\u00a0\u00bbno\u00a0\u00bb text_align=\u00a0\u00bbleft\u00a0\u00bb background_image_as_pattern=\u00a0\u00bbwithout_pattern\u00a0\u00bb][vc_column][vc_empty_space height=\u00a0\u00bb100px\u00a0\u00bb][\/vc_column][\/vc_row]<\/p>\n<\/div>","protected":false},"excerpt":{"rendered":"<p>[vc_row css_animation=\u00a0\u00bb\u00a0\u00bb row_type=\u00a0\u00bbrow\u00a0\u00bb use_row_as_full_screen_section=\u00a0\u00bbno\u00a0\u00bb type=\u00a0\u00bbgrid\u00a0\u00bb angled_section=\u00a0\u00bbno\u00a0\u00bb text_align=\u00a0\u00bbleft\u00a0\u00bb background_image_as_pattern=\u00a0\u00bbwithout_pattern\u00a0\u00bb el_class=\u00a0\u00bblocal-seo-page\u00a0\u00bb z_index=\u00a0\u00bb\u00a0\u00bb][vc_column][vc_empty_space][\/vc_column][\/vc_row][vc_row css_animation=\u00a0\u00bb\u00a0\u00bb row_type=\u00a0\u00bbrow\u00a0\u00bb use_row_as_full_screen_section=\u00a0\u00bbno\u00a0\u00bb type=\u00a0\u00bbgrid\u00a0\u00bb angled_section=\u00a0\u00bbno\u00a0\u00bb text_align=\u00a0\u00bbcenter\u00a0\u00bb background_image_as_pattern=\u00a0\u00bbwithout_pattern\u00a0\u00bb z_index=\u00a0\u00bb\u00a0\u00bb][vc_column css=\u00a0\u00bb.vc_custom_1720097713142{padding-top: 0px !important;background-color: #383c72 !important;}\u00a0\u00bb][vc_empty_space height=\u00a0\u00bb100px\u00a0\u00bb][vc_row_inner row_type=\u00a0\u00bbrow\u00a0\u00bb type=\u00a0\u00bbfull_width\u00a0\u00bb text_align=\u00a0\u00bbleft\u00a0\u00bb css_animation=\u00a0\u00bb\u00a0\u00bb][vc_column_inner offset=\u00a0\u00bbvc_hidden-sm vc_hidden-xs\u00a0\u00bb][vc_column_text el_class=\u00a0\u00bbf-size-kl tekst-wit\u00a0\u00bb css=\u00a0\u00bb.vc_custom_1720101379367{padding-top: 2rem !important;padding-right: 2rem !important;padding-bottom: 2rem !important;padding-left: 2rem !important;}\u00a0\u00bb] Maisons de repos, r\u00e9sidences-services&#8230;<\/p>\n","protected":false},"author":2,"featured_media":0,"parent":7894,"menu_order":0,"comment_status":"closed","ping_status":"closed","template":"full_width.php","meta":{"_acf_changed":false,"content-type":"","inline_featured_image":false,"footnotes":""},"class_list":["post-7902","page","type-page","status-publish","hentry"],"acf":[],"yoast_head":"<!-- This site is optimized with the Yoast SEO plugin v25.4 - https:\/\/yoast.com\/wordpress\/plugins\/seo\/ -->\n<title>Ittre - Armonea<\/title>\n<meta name=\"robots\" content=\"index, follow, max-snippet:-1, max-image-preview:large, max-video-preview:-1\" \/>\n<link rel=\"canonical\" href=\"https:\/\/armonea.be\/fr\/lieux\/ittre\/\" \/>\n<meta property=\"og:locale\" content=\"fr_FR\" \/>\n<meta property=\"og:type\" content=\"article\" \/>\n<meta property=\"og:title\" content=\"Ittre - Armonea\" \/>\n<meta property=\"og:description\" content=\"[vc_row css_animation=\u00a0\u00bb\u00a0\u00bb row_type=\u00a0\u00bbrow\u00a0\u00bb use_row_as_full_screen_section=\u00a0\u00bbno\u00a0\u00bb type=\u00a0\u00bbgrid\u00a0\u00bb angled_section=\u00a0\u00bbno\u00a0\u00bb text_align=\u00a0\u00bbleft\u00a0\u00bb background_image_as_pattern=\u00a0\u00bbwithout_pattern\u00a0\u00bb el_class=\u00a0\u00bblocal-seo-page\u00a0\u00bb z_index=\u00a0\u00bb\u00a0\u00bb][vc_column][vc_empty_space][\/vc_column][\/vc_row][vc_row css_animation=\u00a0\u00bb\u00a0\u00bb row_type=\u00a0\u00bbrow\u00a0\u00bb use_row_as_full_screen_section=\u00a0\u00bbno\u00a0\u00bb type=\u00a0\u00bbgrid\u00a0\u00bb angled_section=\u00a0\u00bbno\u00a0\u00bb text_align=\u00a0\u00bbcenter\u00a0\u00bb background_image_as_pattern=\u00a0\u00bbwithout_pattern\u00a0\u00bb z_index=\u00a0\u00bb\u00a0\u00bb][vc_column css=\u00a0\u00bb.vc_custom_1720097713142{padding-top: 0px !important;background-color: #383c72 !important;}\u00a0\u00bb][vc_empty_space height=\u00a0\u00bb100px\u00a0\u00bb][vc_row_inner row_type=\u00a0\u00bbrow\u00a0\u00bb type=\u00a0\u00bbfull_width\u00a0\u00bb text_align=\u00a0\u00bbleft\u00a0\u00bb css_animation=\u00a0\u00bb\u00a0\u00bb][vc_column_inner offset=\u00a0\u00bbvc_hidden-sm vc_hidden-xs\u00a0\u00bb][vc_column_text el_class=\u00a0\u00bbf-size-kl tekst-wit\u00a0\u00bb css=\u00a0\u00bb.vc_custom_1720101379367{padding-top: 2rem !important;padding-right: 2rem !important;padding-bottom: 2rem !important;padding-left: 2rem !important;}\u00a0\u00bb] Maisons de repos, r\u00e9sidences-services...\" \/>\n<meta property=\"og:url\" content=\"https:\/\/armonea.be\/fr\/lieux\/ittre\/\" \/>\n<meta property=\"og:site_name\" content=\"Armonea\" \/>\n<meta property=\"article:modified_time\" content=\"2024-07-15T11:36:47+00:00\" \/>\n<meta name=\"twitter:card\" content=\"summary_large_image\" \/>\n<meta name=\"twitter:label1\" content=\"Dur\u00e9e de lecture estim\u00e9e\" \/>\n\t<meta name=\"twitter:data1\" content=\"6 minutes\" \/>\n<script type=\"application\/ld+json\" class=\"yoast-schema-graph\">{\"@context\":\"https:\/\/schema.org\",\"@graph\":[{\"@type\":\"WebPage\",\"@id\":\"https:\/\/armonea.be\/fr\/lieux\/ittre\/\",\"url\":\"https:\/\/armonea.be\/fr\/lieux\/ittre\/\",\"name\":\"Ittre - Armonea\",\"isPartOf\":{\"@id\":\"https:\/\/armonea.be\/fr\/#website\"},\"datePublished\":\"2024-07-15T11:36:46+00:00\",\"dateModified\":\"2024-07-15T11:36:47+00:00\",\"breadcrumb\":{\"@id\":\"https:\/\/armonea.be\/fr\/lieux\/ittre\/#breadcrumb\"},\"inLanguage\":\"fr-FR\",\"potentialAction\":[{\"@type\":\"ReadAction\",\"target\":[\"https:\/\/armonea.be\/fr\/lieux\/ittre\/\"]}]},{\"@type\":\"BreadcrumbList\",\"@id\":\"https:\/\/armonea.be\/fr\/lieux\/ittre\/#breadcrumb\",\"itemListElement\":[{\"@type\":\"ListItem\",\"position\":1,\"name\":\"Home\",\"item\":\"https:\/\/armonea.be\/fr\/home-v202507\/\"},{\"@type\":\"ListItem\",\"position\":2,\"name\":\"Lieux\",\"item\":\"https:\/\/armonea.be\/fr\/?page_id=7894\"},{\"@type\":\"ListItem\",\"position\":3,\"name\":\"Ittre\"}]},{\"@type\":\"WebSite\",\"@id\":\"https:\/\/armonea.be\/fr\/#website\",\"url\":\"https:\/\/armonea.be\/fr\/\",\"name\":\"Armonea\",\"description\":\"85 woonzorgcentra, serviceflats en residenties in heel Belgi\u00eb\",\"potentialAction\":[{\"@type\":\"SearchAction\",\"target\":{\"@type\":\"EntryPoint\",\"urlTemplate\":\"https:\/\/armonea.be\/fr\/?s={search_term_string}\"},\"query-input\":{\"@type\":\"PropertyValueSpecification\",\"valueRequired\":true,\"valueName\":\"search_term_string\"}}],\"inLanguage\":\"fr-FR\"}]}<\/script>\n<!-- \/ Yoast SEO plugin. -->","yoast_head_json":{"title":"Ittre - Armonea","robots":{"index":"index","follow":"follow","max-snippet":"max-snippet:-1","max-image-preview":"max-image-preview:large","max-video-preview":"max-video-preview:-1"},"canonical":"https:\/\/armonea.be\/fr\/lieux\/ittre\/","og_locale":"fr_FR","og_type":"article","og_title":"Ittre - Armonea","og_description":"[vc_row css_animation=\u00a0\u00bb\u00a0\u00bb row_type=\u00a0\u00bbrow\u00a0\u00bb use_row_as_full_screen_section=\u00a0\u00bbno\u00a0\u00bb type=\u00a0\u00bbgrid\u00a0\u00bb angled_section=\u00a0\u00bbno\u00a0\u00bb text_align=\u00a0\u00bbleft\u00a0\u00bb background_image_as_pattern=\u00a0\u00bbwithout_pattern\u00a0\u00bb el_class=\u00a0\u00bblocal-seo-page\u00a0\u00bb z_index=\u00a0\u00bb\u00a0\u00bb][vc_column][vc_empty_space][\/vc_column][\/vc_row][vc_row css_animation=\u00a0\u00bb\u00a0\u00bb row_type=\u00a0\u00bbrow\u00a0\u00bb use_row_as_full_screen_section=\u00a0\u00bbno\u00a0\u00bb type=\u00a0\u00bbgrid\u00a0\u00bb angled_section=\u00a0\u00bbno\u00a0\u00bb text_align=\u00a0\u00bbcenter\u00a0\u00bb background_image_as_pattern=\u00a0\u00bbwithout_pattern\u00a0\u00bb z_index=\u00a0\u00bb\u00a0\u00bb][vc_column css=\u00a0\u00bb.vc_custom_1720097713142{padding-top: 0px !important;background-color: #383c72 !important;}\u00a0\u00bb][vc_empty_space height=\u00a0\u00bb100px\u00a0\u00bb][vc_row_inner row_type=\u00a0\u00bbrow\u00a0\u00bb type=\u00a0\u00bbfull_width\u00a0\u00bb text_align=\u00a0\u00bbleft\u00a0\u00bb css_animation=\u00a0\u00bb\u00a0\u00bb][vc_column_inner offset=\u00a0\u00bbvc_hidden-sm vc_hidden-xs\u00a0\u00bb][vc_column_text el_class=\u00a0\u00bbf-size-kl tekst-wit\u00a0\u00bb css=\u00a0\u00bb.vc_custom_1720101379367{padding-top: 2rem !important;padding-right: 2rem !important;padding-bottom: 2rem !important;padding-left: 2rem !important;}\u00a0\u00bb] Maisons de repos, r\u00e9sidences-services...","og_url":"https:\/\/armonea.be\/fr\/lieux\/ittre\/","og_site_name":"Armonea","article_modified_time":"2024-07-15T11:36:47+00:00","twitter_card":"summary_large_image","twitter_misc":{"Dur\u00e9e de lecture estim\u00e9e":"6 minutes"},"schema":{"@context":"https:\/\/schema.org","@graph":[{"@type":"WebPage","@id":"https:\/\/armonea.be\/fr\/lieux\/ittre\/","url":"https:\/\/armonea.be\/fr\/lieux\/ittre\/","name":"Ittre - Armonea","isPartOf":{"@id":"https:\/\/armonea.be\/fr\/#website"},"datePublished":"2024-07-15T11:36:46+00:00","dateModified":"2024-07-15T11:36:47+00:00","breadcrumb":{"@id":"https:\/\/armonea.be\/fr\/lieux\/ittre\/#breadcrumb"},"inLanguage":"fr-FR","potentialAction":[{"@type":"ReadAction","target":["https:\/\/armonea.be\/fr\/lieux\/ittre\/"]}]},{"@type":"BreadcrumbList","@id":"https:\/\/armonea.be\/fr\/lieux\/ittre\/#breadcrumb","itemListElement":[{"@type":"ListItem","position":1,"name":"Home","item":"https:\/\/armonea.be\/fr\/home-v202507\/"},{"@type":"ListItem","position":2,"name":"Lieux","item":"https:\/\/armonea.be\/fr\/?page_id=7894"},{"@type":"ListItem","position":3,"name":"Ittre"}]},{"@type":"WebSite","@id":"https:\/\/armonea.be\/fr\/#website","url":"https:\/\/armonea.be\/fr\/","name":"Armonea","description":"85 woonzorgcentra, serviceflats en residenties in heel Belgi\u00eb","potentialAction":[{"@type":"SearchAction","target":{"@type":"EntryPoint","urlTemplate":"https:\/\/armonea.be\/fr\/?s={search_term_string}"},"query-input":{"@type":"PropertyValueSpecification","valueRequired":true,"valueName":"search_term_string"}}],"inLanguage":"fr-FR"}]}},"_links":{"self":[{"href":"https:\/\/armonea.be\/fr\/wp-json\/wp\/v2\/pages\/7902","targetHints":{"allow":["GET"]}}],"collection":[{"href":"https:\/\/armonea.be\/fr\/wp-json\/wp\/v2\/pages"}],"about":[{"href":"https:\/\/armonea.be\/fr\/wp-json\/wp\/v2\/types\/page"}],"author":[{"embeddable":true,"href":"https:\/\/armonea.be\/fr\/wp-json\/wp\/v2\/users\/2"}],"replies":[{"embeddable":true,"href":"https:\/\/armonea.be\/fr\/wp-json\/wp\/v2\/comments?post=7902"}],"version-history":[{"count":0,"href":"https:\/\/armonea.be\/fr\/wp-json\/wp\/v2\/pages\/7902\/revisions"}],"up":[{"embeddable":true,"href":"https:\/\/armonea.be\/fr\/wp-json\/wp\/v2\/pages\/7894"}],"wp:attachment":[{"href":"https:\/\/armonea.be\/fr\/wp-json\/wp\/v2\/media?parent=7902"}],"curies":[{"name":"wp","href":"https:\/\/api.w.org\/{rel}","templated":true}]}}